{"id":5,"date":"2010-11-20T19:14:45","date_gmt":"2010-11-20T19:14:45","guid":{"rendered":"http:\/\/www.szaradzista.com\/?page_id=5"},"modified":"2010-12-25T08:00:50","modified_gmt":"2010-12-25T07:00:50","slug":"test","status":"publish","type":"page","link":"https:\/\/www.szaradzista.com\/?page_id=5","title":{"rendered":"O programie"},"content":{"rendered":"<p style=\"text-align: justify;\">Program <strong>Szaradzista 1.50<\/strong> ma niewielkie wymagania systemowe przedstawione poni\u017cej:<\/p>\n<ul style=\"text-align: justify;\">\n<li>komputer z procesorem Pentium 133MHz lub nowszym,<\/li>\n<li>64MB RAM (dla systemu Windows 2000) lub wi\u0119cej,<\/li>\n<li>8MB wolnej powierzchni na dysku docelowym,<\/li>\n<li>karta i monitor VGA pracuj\u0105ce z rozdzielczo\u015bci minimum 800 x 600,<\/li>\n<li>system operacyjny Microsoft Windows 2000 lub nowszy,<\/li>\n<li>nap\u0119d CD-ROM je\u017celi instalacja ma by\u0107 przeprowadzana z p\u0142yty CD.<\/li>\n<\/ul>\n<p style=\"text-align: justify;\">Budowa programu Szaradzista 1.50 jest bardzo prosta &#8211; jego interfejs ogranicza si\u0119 do jednego okienka przedstawionego poni\u017cej:<\/p>\n<p style=\"text-align: center;\"><img decoding=\"async\" class=\"aligncenter\" src=\"http:\/\/www.szaradzista.com\/pic\/szaradzista1.jpg\" border=\"0\" alt=\"\" \/><\/p>\n<p style=\"text-align: justify;\">Najistotniejsze elementy interfejsu to dwa panele:<\/p>\n<ul style=\"text-align: justify;\">\n<li><strong>S\u0142owo<\/strong> \u2013 pozwala na okre\u015blenie \u201eparametr\u00f3w\u201d wyszukiwanego s\u0142owa,<\/li>\n<li><strong>Wyniki<\/strong> \u2013 prezentuj\u0105cy rezultaty wyszukiwania,<\/li>\n<\/ul>\n<p style=\"text-align: justify;\">oraz przyciski:<\/p>\n<ul style=\"text-align: justify;\">\n<li><strong>Znajd\u017a<\/strong> \u2013 jego naci\u015bni\u0119cie powoduje rozpocz\u0119cie wyszukiwania,<\/li>\n<li><strong>Wyj\u015bcie<\/strong> \u2013 powoduj\u0105cy zako\u0144czenie pracy z programem.<\/li>\n<\/ul>\n<p style=\"text-align: justify;\">W ramach panelu <strong>S\u0142owo<\/strong> mamy nast\u0119puj\u0105ce elementy:<\/p>\n<ul style=\"text-align: justify;\">\n<li>list\u0119 <strong>D\u0142ugo\u015b\u0107<\/strong> \u2013 pozwalaj\u0105c\u0105 na wybranie d\u0142ugo\u015bci poszukiwanego s\u0142owa w zakresie od 3 do 22 liter (w przypadku wybrania z listy pierwszej pozycji \u2013 program b\u0119dzie wyszukiwa\u0142 s\u0142owa o dowolnej d\u0142ugo\u015bci \u2013 jednak nie kr\u00f3tszej ni\u017c zadany wzorzec),<\/li>\n<li>pole tekstowe <strong>Wzorzec<\/strong> \u2013 w kt\u00f3rym definiujemy szablon poszukiwanego s\u0142owa poprzez umieszczenie znanych nam liter na odpowiadaj\u0105cych im pozycjach (poni\u017cej przyk\u0142ad wprowadzenia szablonu).<\/li>\n<\/ul>\n<p style=\"text-align: justify;\">Przy wype\u0142nianiu pola <strong>Wzorzec<\/strong> warto pami\u0119ta\u0107 o nast\u0119puj\u0105cych zasadach definiowania szablonu:<\/p>\n<ul style=\"text-align: justify;\">\n<li>pola odpowiadaj\u0105ce nieznanym literom nale\u017cy wype\u0142ni\u0107 poprzez wstawienie znaku spacji (\u2018 \u2018) lub znaku zapytania (\u2018?\u2019),<\/li>\n<li>mo\u017cna podawa\u0107 zar\u00f3wno ma\u0142e jak i wielkie litery,<\/li>\n<li>poprzez wstawienie we wzorcu znaku dolara (\u2018$\u2019) okre\u015blamy miejsce, w kt\u00f3rym wyst\u0119puje znak charakterystyczny dla j\u0119zyka polskiego (jeden ze znak\u00f3w z listy \u201e\u0105\u0107\u0119\u0142\u0144\u00f3\u017a\u017c\u201d).<\/li>\n<\/ul>\n<p style=\"text-align: justify;\">Przyk\u0142ad zastosowania r\u00f3\u017cnych znak\u00f3w do definiowania szablonu (zgodnie z powy\u017cszymi zasadami) przedstawia poni\u017cszy ekran.<\/p>\n<p style=\"text-align: center;\"><img decoding=\"async\" class=\"aligncenter\" src=\"http:\/\/www.szaradzista.com\/pic\/szaradzista10.jpg\" border=\"0\" alt=\"\" \/><\/p>\n<p style=\"text-align: justify;\">Kolejnym wa\u017cnym elementem w ramach panelu <strong>S\u0142owo<\/strong> s\u0105 zak\u0142adki: <strong>Zgodne<\/strong>, <strong>Anagram<\/strong>, <strong>Litery<\/strong>.<br \/>\nDomy\u015blnie wybrana jest zak\u0142adka <strong>Zgodne<\/strong>. W jej ramach mo\u017cna skorzysta\u0107 z dw\u00f3ch opcji:<\/p>\n<ul style=\"text-align: justify;\">\n<li><em>s\u0142owo zgodne z wzorcem<\/em> \u2013 jest opcj\u0105 domy\u015bln\u0105 oznaczaj\u0105c\u0105 wyszukiwanie s\u0142\u00f3w zgodnych z szablonem okre\u015blonym w polu <strong>Wzorzec<\/strong>,<\/li>\n<li style=\"text-align: justify;\"><em>s\u0142owo zawieraj\u0105ce ci\u0105g<\/em> \u2013 powoduje wyszukanie s\u0142\u00f3w zgodnych z szablonem okre\u015blonym w polu Wzorzec oraz dodatkowo zawieraj\u0105cych ci\u0105g znakowy podany w polu tekstowym &#8211; przyk\u0142ad takiego wyszukiwania podany jest na poni\u017cszym ekranie).<\/li>\n<\/ul>\n<p style=\"text-align: justify;\"><img decoding=\"async\" class=\"aligncenter\" src=\"http:\/\/www.szaradzista.com\/pic\/szaradzista6.jpg\" border=\"0\" alt=\"\" \/><\/p>\n<ul style=\"text-align: justify;\">\n<li><em>s\u0142owo podobne<\/em> \u2013 pozwala na wyszukanie s\u0142\u00f3w r\u00f3\u017cni\u0105cych si\u0119 mi\u0119dzy sob\u0105 tylko dan\u0105 liter\u0105 podan\u0105 we wzorcu; w tym wariancie we wzorcu mo\u017cna poda\u0107 tylko jedn\u0105 liter\u0119 \u2013 w przypadku podania kilku liter przy wyszukiwaniu b\u0119dzie wzi\u0119ta pod uwag\u0119 tylko pierwsza z nich; s\u0142owa podobne s\u0105 wy\u015bwietlanie jako kolejne pozycje na li\u015bcie np. AKTYW-AKTYN, czy CZER\u0143-CZERT-CZERW (przyk\u0142ad takiego wyszukiwania podany jest na poni\u017cszym ekranie).<\/li>\n<\/ul>\n<p style=\"text-align: justify;\"><img decoding=\"async\" class=\"aligncenter\" src=\"http:\/\/www.szaradzista.com\/pic\/szaradzista12.jpg\" border=\"0\" alt=\"\" \/><\/p>\n<ul style=\"text-align: justify;\">\n<li><em>s\u0142owo zawieraj\u0105ce inne s\u0142owo<\/em> \u2013 pozwala na wyszukanie takich s\u0142\u00f3w, kt\u00f3re zawieraj\u0105 w sobie inne s\u0142owa; wyszukiwanie mo\u017ce si\u0119 odbywa\u0107 przy zadaniu wzorca d\u0142u\u017cszego s\u0142owa, d\u0142ugo\u015bci kr\u00f3tszego s\u0142owa oraz pozycji s\u0142owa kr\u00f3tszego w d\u0142u\u017cszym; lista wynik\u00f3w wyszukiwania zawiera tylko s\u0142owa d\u0142u\u017csze, a z odczytaniem s\u0142\u00f3w kr\u00f3tszych nie powinno by\u0107 problemu (przyk\u0142ad takiego wyszukiwania podany jest na poni\u017cszym ekranie).<\/li>\n<\/ul>\n<p style=\"text-align: justify;\"><img decoding=\"async\" class=\"aligncenter\" src=\"http:\/\/www.szaradzista.com\/pic\/szaradzista13.jpg\" border=\"0\" alt=\"\" \/><\/p>\n<p style=\"text-align: justify;\">Zak\u0142adka <strong>Anagram<\/strong> jest bardzo u\u017cyteczna przy wyszukiwaniu s\u0142\u00f3w b\u0119d\u0105cych anagramami. W jej ramach s\u0105 dost\u0119pne 2 opcje:<\/p>\n<ul style=\"text-align: justify;\">\n<li><em>anagram wzorca<\/em> \u2013 przy jej u\u017cyciu program wyszuka s\u0142owa bed\u0105ce anagramami s\u0142owa wskazanego w polu <strong>Wzorzec<\/strong> (opcja bardzo u\u017cyteczna przy rozwi\u0105zaniu r\u00f3\u017cnych zada\u0144 anagramowych),<\/li>\n<li><em>anagram cz\u0119\u015bciowego wzorca<\/em> \u2013 przy jej u\u017cyciu program wyszuka s\u0142owa zgodne z szablonem wskazanym w polu <strong>Wzorzec<\/strong> oraz zawieraj\u0105ce wszystkie litery z pola tekstowego &#8211; ta opcja jest bardzo pomocna przy rozwi?zywaniu metamorfoz &#8211;\u00a0przyk\u0142ad takiego wyszukiwania podany jest na poni\u017cszym ekranie.<\/li>\n<\/ul>\n<p style=\"text-align: justify;\"><img decoding=\"async\" class=\"aligncenter\" src=\"http:\/\/www.szaradzista.com\/pic\/szaradzista7.jpg\" border=\"0\" alt=\"\" \/><\/p>\n<p style=\"text-align: justify;\">Ostatnia zak\u0142adka <strong>Litery<\/strong> pozwala na znaczne zredukowanie ilo\u015bci wyszukanych s\u0142\u00f3w, w szczeg\u00f3lno\u015bci gdy nasz szablon zdefiniowany w polu <strong>Wzorzec<\/strong> jest \u2018ubogi\u2019, bo np. znamy zbyt ma\u0142o liter w stosunku do d\u0142ugo\u015bci s\u0142owa albo podany szablon \u2018pasuje\u2019 do wielu s\u0142\u00f3w zawartych w bazie danych programu. Zak\u0142adk\u0119 t\u0119 z pewno\u015bci\u0105 wykorzystamy m.in. w zadaniach, w kt\u00f3rych podane s\u0105 pewnie ograniczenia sformu\u0142owane np. nast\u0119puj\u0105co:<br \/>\nw zadaniu nie wyst\u0119puje samog\u0142oska \u2018A\u2019,\u00a0w diagramie ujawniono wszystkie wyst\u0105pienia litery \u2018S\u2019\u00a0oraz podobne. Przyk\u0142adowe ekrany pokazuj\u0105 wykorzystanie zak\u0142adki <strong>Litery<\/strong> i rezultaty wyszukiwania w zale\u017cno\u015bci od wprowadzonych ogranicze\u0144 dotycz\u0105cych liter w szukanym s\u0142owie.<\/p>\n<p style=\"text-align: justify;\">W pierwszym przyk\u0142adzie znane s\u0105 wszystkie litery wchodz\u0105ce w sk\u0142ad szukanego s\u0142owa \u2013 st\u0105d w\u0142\u0105czona opcja dozwolone i dlatego lista wynik\u00f3w jest kr\u00f3tka \u2013 tylko dwie propozycje s\u0142\u00f3w spe\u0142niaj\u0105cych zadanie kryterium.<\/p>\n<p style=\"text-align: justify;\"><img decoding=\"async\" class=\"aligncenter\" src=\"http:\/\/www.szaradzista.com\/pic\/szaradzista8.jpg\" border=\"0\" alt=\"\" \/><\/p>\n<p style=\"text-align: justify;\">Je\u017celi warunki rozwi\u0105zywanego zadania wskazuj\u0105 np. na to, \u017ce litera \u2018E\u2019 wyst\u0119puje tylko raz w szukanym s\u0142owie (np. w jolce z ujawnionymi wszystkimi wyst\u0105pieniami litery \u2018E\u2019) to mo\u017cemy to ograniczenie zapisa\u0107 poprzez w\u0142\u0105czenie opcji dozwolone bez powt\u00f3rze\u0144 \u2013 dzi\u0119ki temu lista wynik\u00f3w jest ograniczona do jednego s\u0142owa.<\/p>\n<p style=\"text-align: justify;\"><img decoding=\"async\" class=\"aligncenter\" src=\"http:\/\/www.szaradzista.com\/pic\/szaradzista9.jpg\" border=\"0\" alt=\"\" \/><\/p>\n<p style=\"text-align: justify;\">R\u00f3wnie\u017c pozosta\u0142e opcje dost\u0119pne na zak\u0142adce<strong> Litery<\/strong> mog\u0105 okaza\u0107 si\u0119 bardzo u\u017cyteczne, aby ograniczy\u0107 ilo\u015b\u0107 s\u0142\u00f3w wyszukiwanych przez program:<\/p>\n<ul style=\"text-align: justify;\">\n<li>opcja <em>niedozwolone<\/em> \u2013 znacznie zaw\u0119zi ilo\u015b\u0107 rezultat\u00f3w je\u017celi wpiszemy w odpowiadaj\u0105ce jej pole tektowe t\u0119 liter\u0119(y), kt\u00f3rych w szukanym s\u0142owie ma nie by\u0107,<\/li>\n<li>opcja <em>musz\u0105 wyst\u0119powa\u0107<\/em> \u2013 wyeliminuje te propozycje s\u0142\u00f3w, kt\u00f3re nie zawieraj\u0105 wskazanych liter.<\/li>\n<\/ul>\n<p style=\"text-align: justify;\">Warto pami\u0119ta\u0107 o nast\u0119puj\u0105cych zasadach korzystania z opcji z zak\u0142adki <strong>Litery<\/strong>:<\/p>\n<ul style=\"text-align: justify;\">\n<li>r\u00f3\u017cne opcje z tej zak\u0142adki mog\u0105 by\u0107 jednocze\u015bnie aktywne, ale tak aby wzajemnie si\u0119 nie wyklucza\u0142y &#8211; weryfikacja wykluczania pozostaje w gestii u\u017cytkownika &#8211; w przeciwnym wypadku program nie znajdzie s\u0142\u00f3w spe\u0142niaj\u0105cych warunk\u00f3w wyszukiwania,<\/li>\n<li>aktywno\u015b\u0107 opcji z zak\u0142adki <strong>Litery<\/strong> mo\u017ce by\u0107 \u0142\u0105czona z opcjami wyszukiwania wybranymi na zak\u0142adkach <strong>Zgodne<\/strong> i <strong>Anagram<\/strong>.<\/li>\n<\/ul>\n<p style=\"text-align: justify;\">Panel <strong>Wyniki<\/strong> widoczny jest na wszytkich poprzednio pokazanych ekranach przy okazji om\u00f3wienia poszczeg\u00f3lnych element\u00f3w panelu <strong>S\u0142owo<\/strong>.<br \/>\nNast\u0119puj\u0105ce elementy tworz\u0105 ten panel:<\/p>\n<ul style=\"text-align: justify;\">\n<li>lista <strong>S\u0142owa<\/strong> \u2013 zawiera s\u0142owa b\u0119d\u0105ce wynikiem wyszukiwania, kt\u00f3re spe\u0142niaj\u0105 warunki zadane w panelu <strong>S\u0142owo<\/strong>,<\/li>\n<li>lista <strong>Anagramy<\/strong> \u2013 wskazuj\u0105ca s\u0142owa bed\u0105ce anagramami pozycji wybranej w li\u015bcie <strong>S\u0142owa<\/strong> (je\u017celi lista ta jest pusta, to oznacza \u017ce wybrane s\u0142owo nie ma anagramu \u2013 a dok\u0142adniej takie s\u0142owo nie wyst\u0119puje w bazie programu),<\/li>\n<li>sekcja <strong>Statystyka <\/strong>\u2013 wy\u015bwietla informacj\u0119 na temat ilo\u015bci znalezionych s\u0142\u00f3w zgodnych z warunkami wyszukiwania oraz czas trwania operacji wyszukiwania (zazwyczaj ten czas jest mniejszy od 5 sekund, chyba \u017ce warunki wyszukiwania s\u0105 ma\u0142o \u2018skuteczne\u2019 i program wygeneruje du\u017c\u0105 ilo\u015b\u0107 s\u0142\u00f3w \u2013 wtedy czas wyszukiwania b\u0119dzie odpowiednio d\u0142u\u017cszy; czas wyszukiwania jest uzale\u017cniony od szybko\u015bci procesora oraz dysku twardego w komputerze u\u017cytkownika).<\/li>\n<\/ul>\n<p style=\"text-align: justify;\">Dla ka\u017cdej z pozycji dost\u0119pnej na li\u015bcie <strong>S\u0142owa<\/strong> istnieje mo\u017cliwo\u015b\u0107 wywo\u0142ania podr\u0119cznego menu (dost\u0119pnego poprzez naci\u015bni\u0119cie prawego przycisku myszy przy wybraniu dowolnej z pozycji z listy), kt\u00f3re umo\u017cliwia szybki dost\u0119p do otwarcia okna przegl\u0105darki zawieraj\u0105cego wywo\u0142anie wybranego serwisu internetowego pozwalaj\u0105cego na sprawdzenie znaczenia poszczeg\u00f3lnych s\u0142\u00f3w. \u00a0Do wyboru s\u0105 takie serwisy jak: Google, Wikipedia, Wiem Onet oraz Encyklopedia PWN.<\/p>\n<p style=\"text-align: justify;\"><img decoding=\"async\" class=\"aligncenter\" src=\"http:\/\/www.szaradzista.com\/pic\/szaradzista14.jpg\" border=\"0\" alt=\"\" \/><\/p>\n<p style=\"text-align: justify;\">Po wybraniu jednej z pozycji z listy serwis\u00f3w otwierane jest okno domy\u015blnej przegl\u0105darki internetowej z wywo\u0142aniem wybranego serwisu ze s\u0142owem wybranym wcze\u015bniej na li\u015bcie <strong>S\u0142owa<\/strong>. W ten spos\u00f3b mo\u017cemy uzyska\u0107 szybki dost\u0119p do informacji na temat interesuj\u0105cego nas terminu.<\/p>\n<p style=\"text-align: justify;\"><img decoding=\"async\" class=\"aligncenter\" src=\"http:\/\/www.szaradzista.com\/pic\/szaradzista15.jpg\" border=\"0\" alt=\"\" \/><\/p>\n<p style=\"text-align: justify;\">Praktycznym dodatkiem do programu <strong>Szaradzista 1.50<\/strong> jest program <strong>Edytor s\u0142ownika 1.50<\/strong> pozwalaj\u0105cy na edycj\u0119 bazy s\u0142ownikowej. W ramach mo\u017cliwo\u015bci tego programu jest zar\u00f3wno \u2018r\u0119czne\u2019 dopisywanie pojedynczych s\u0142\u00f3w, jak i importowanie list s\u0142\u00f3w z plik\u00f3w tekstowych (*.TXT), jak i dedykowanych plik\u00f3w importu (*.IMP).<\/p>\n<p style=\"text-align: justify;\">Podstawowe okno programu <strong>Edytor s\u0142ownika 1.50<\/strong> przedstawione jest obok. Okno sk\u0142ada si\u0119 z pola tekstowego s\u0142u\u017c\u0105cego do filtrowania (g\u00f3ra okna), listy s\u0142\u00f3w b\u0119d\u0105cych wynikiem filtrowania oraz pola tekstowego do wprowadzania nowych s\u0142\u00f3w (d\u00f3\u0142 okna).<\/p>\n<p style=\"text-align: justify;\"><img decoding=\"async\" class=\"aligncenter\" src=\"http:\/\/www.szaradzista.com\/pic\/edytor1.jpg\" border=\"0\" alt=\"\" \/><\/p>\n<p style=\"text-align: justify;\">W okienku poni\u017cej widoczne jest zastosowanie filtrowania do wy\u015bwietlenia listy s\u0142\u00f3w jakie ju\u017c s\u0105 w s\u0142owniku programu <strong>Szaradzista 1.50<\/strong>. Po wprowadzeniu w polu filtrowania litery F, lista s\u0142\u00f3w zawiera tylko te s\u0142owa, kt\u00f3re zaczynaj\u0105 si\u0119 od litery F. Oczywi\u015bcie przy wprowadzeniu kilku liter pocz\u0105tkowych s\u0142owa \u2013 lista s\u0142\u00f3w b\u0119dzie zawiera\u0107 tylko te s\u0142owa, kt\u00f3re b\u0119d\u0105 spe\u0142nia\u0142y zadany warunek filtrowania.<\/p>\n<p style=\"text-align: justify;\"><img decoding=\"async\" class=\"aligncenter\" src=\"http:\/\/www.szaradzista.com\/pic\/edytor7.jpg\" border=\"0\" alt=\"\" \/><\/p>\n<p style=\"text-align: justify;\">Pojedyncze s\u0142owa mo\u017cna doda\u0107 do s\u0142ownika programu <strong>Szaradzista 1.50<\/strong> poprzez wpisanie osobne wpisywanie s\u0142\u00f3w do pola tekstowego na dole okna edytora. Na przyk\u0142adzie obok wida\u0107 wpisane ju\u017c s\u0142owo AKCJA.<\/p>\n<p style=\"text-align: justify;\"><img decoding=\"async\" class=\"aligncenter\" src=\"http:\/\/www.szaradzista.com\/pic\/edytor2.jpg\" border=\"0\" alt=\"\" \/><\/p>\n<p style=\"text-align: justify;\">Po wprowadzeniu tego s\u0142owa i zatwierdzeniu wprowadzenia klawiszem Enter, program sprawdza czy podane s\u0142owo istnieje ju\u017c w bazie s\u0142ownika. W przypadku wpisanego s\u0142owa AKACJA rezultat sprawdzenia daje potwierdzenie istnienia tego s\u0142owa w bazie, co sygnalizowane jest stosownym komunikatem przedstawionym poni\u017cej.<\/p>\n<p style=\"text-align: justify;\"><img decoding=\"async\" class=\"aligncenter\" src=\"http:\/\/www.szaradzista.com\/pic\/edytor3.jpg\" border=\"0\" alt=\"\" \/><\/p>\n<p style=\"text-align: justify;\">Kolejna pr\u00f3ba dotyczy dodania s\u0142owa ZIUTA do bazy s\u0142ownikowej programu <strong>Szaradzista 1.50<\/strong>.<\/p>\n<p style=\"text-align: justify;\"><img decoding=\"async\" class=\"aligncenter\" src=\"http:\/\/www.szaradzista.com\/pic\/edytor4.jpg\" border=\"0\" alt=\"\" \/><\/p>\n<p style=\"text-align: justify;\">W przypadku tego s\u0142owa nie wyst\u0119puje ono jeszcze w bazie tego programu, co sygnalizowane jest przez pro\u015bb\u0119 o potwierdzenie dodania tego s\u0142owa:<\/p>\n<p style=\"text-align: justify;\"><img decoding=\"async\" class=\"aligncenter\" src=\"http:\/\/www.szaradzista.com\/pic\/edytor5.jpg\" border=\"0\" alt=\"\" \/><\/p>\n<p style=\"text-align: justify;\">Przy pomocy programu <strong>Edytor s\u0142ownika 1.50<\/strong> jest mo\u017cliwe szybkie dodanie do s\u0142ownika wi\u0119kszej ilo\u015bci s\u0142\u00f3w. Jest to mo\u017cliwe poprzez funkcj\u0119 importu &#8211; przycisk <strong>Import z pliku<\/strong>. Po skorzystaniu z tego przycisku pojawia si\u0119 okienko dialogowe wyboru pliku. W obecnej wersji programu mo\u017cliwy jest import z plik\u00f3w tekstowych (*.TXT), w kt\u00f3rych poszczeg\u00f3lne s\u0142owa musz\u0105 by\u0107 zapisane w kolejnych wierszach (ka\u017cde s\u0142owo w osobnym wierszu).<br \/>\nMo\u017cliwy jest r\u00f3wnie\u017c import s\u0142\u00f3w z dedykowanych plik\u00f3w importu (*.IMP) \u2013 ten format przewidywany jest do wykorzystania dla dostarczania w przysz\u0142o\u015bci aktualizacji bazy s\u0142ownika przygotowywanych przez autora programu <strong>Szaradzista 1.50<\/strong>.<br \/>\nW trakcie importu s\u0142\u00f3w z obu typ\u00f3w plik\u00f3w, program weryfikuje istnienie s\u0142\u00f3w w aktualnie zainstalowanej bazie s\u0142ownikowej i ostatecznie do bazy dopisywane s\u0105 jedynie nowe s\u0142owa. W trakcie importu wy\u015bwietlane jest okienko informacyjne wskazuj\u0105ce ilo\u015b\u0107 s\u0142\u00f3w dopisanych ju\u017c do s\u0142ownika:<\/p>\n<p style=\"text-align: justify;\"><img decoding=\"async\" class=\"aligncenter\" src=\"http:\/\/www.szaradzista.com\/pic\/edytor6.jpg\" border=\"0\" alt=\"\" \/><\/p>\n<p style=\"text-align: justify;\">a zako\u0144czenie importu s\u0142\u00f3w sygnalizowane jest dodatkowym komunikatem z potwierdzeniem \u0142\u0105cznej ilo\u015bci dopisanych s\u0142\u00f3w do bazy s\u0142ownika.<\/p>\n<p style=\"text-align: justify;\"><img decoding=\"async\" class=\"aligncenter\" src=\"http:\/\/www.szaradzista.com\/pic\/edytor8.jpg\" border=\"0\" alt=\"\" \/><\/p>\n<p style=\"text-align: justify;\"><em>UWAGA! Wszystkie nowe s\u0142owa dodane indywidualnie przez u\u017cytkownika poprzez \u2018r\u0119czne\u2019 dopisywanie pojedynczych s\u0142\u00f3w oraz przy wykorzystaniu funkcji importu z plik\u00f3w tekstowych, s\u0105 rejestrowane w pliku \u2018moje.txt\u2019 umieszczonym w g\u0142\u00f3wnym folderze gdzie zainstalowany jest program Szaradzista 1.50. Takie rozwi\u0105zanie pozwala na \u0142atw\u0105 aktualizacj\u0119 podstawowego s\u0142ownika programu w razie konieczno\u015bci ponownej instalacji programu.<\/em><\/p>\n","protected":false},"excerpt":{"rendered":"<p>Program Szaradzista 1.50 ma niewielkie wymagania systemowe przedstawione poni\u017cej: komputer z procesorem Pentium 133MHz lub nowszym, 64MB RAM (dla systemu Windows 2000) lub wi\u0119cej, 8MB wolnej powierzchni na dysku docelowym, karta i monitor VGA pracuj\u0105ce z rozdzielczo\u015bci minimum 800 x &hellip; <a href=\"https:\/\/www.szaradzista.com\/?page_id=5\">Czytaj dalej <span class=\"meta-nav\">&rarr;<\/span><\/a><\/p>\n","protected":false},"author":1,"featured_media":0,"parent":0,"menu_order":1,"comment_status":"closed","ping_status":"closed","template":"","meta":{"_monsterinsights_skip_tracking":false,"_monsterinsights_sitenote_active":false,"_monsterinsights_sitenote_note":"","_monsterinsights_sitenote_category":0},"_links":{"self":[{"href":"https:\/\/www.szaradzista.com\/index.php?rest_route=\/wp\/v2\/pages\/5"}],"collection":[{"href":"https:\/\/www.szaradzista.com\/index.php?rest_route=\/wp\/v2\/pages"}],"about":[{"href":"https:\/\/www.szaradzista.com\/index.php?rest_route=\/wp\/v2\/types\/page"}],"author":[{"embeddable":true,"href":"https:\/\/www.szaradzista.com\/index.php?rest_route=\/wp\/v2\/users\/1"}],"replies":[{"embeddable":true,"href":"https:\/\/www.szaradzista.com\/index.php?rest_route=%2Fwp%2Fv2%2Fcomments&post=5"}],"version-history":[{"count":21,"href":"https:\/\/www.szaradzista.com\/index.php?rest_route=\/wp\/v2\/pages\/5\/revisions"}],"predecessor-version":[{"id":9,"href":"https:\/\/www.szaradzista.com\/index.php?rest_route=\/wp\/v2\/pages\/5\/revisions\/9"}],"wp:attachment":[{"href":"https:\/\/www.szaradzista.com\/index.php?rest_route=%2Fwp%2Fv2%2Fmedia&parent=5"}],"curies":[{"name":"wp","href":"https:\/\/api.w.org\/{rel}","templated":true}]}}