{"id":25,"date":"2010-11-20T19:59:38","date_gmt":"2010-11-20T19:59:38","guid":{"rendered":"http:\/\/www.szaradzista.com\/?page_id=25"},"modified":"2010-12-25T08:02:32","modified_gmt":"2010-12-25T07:02:32","slug":"baza-slow","status":"publish","type":"page","link":"https:\/\/www.szaradzista.com\/?page_id=25","title":{"rendered":"Baza s\u0142\u00f3w"},"content":{"rendered":"<p style=\"text-align: justify;\">Program <strong>Szaradzista 1.50<\/strong> korzysta z bazy 83 750 s\u0142\u00f3w. Baza w obecnej postaci powsta\u0142a jako efekt wieloletniej pracy nad programem, kt\u00f3ry we wcze\u015bniejszych latach istnia\u0142 tylko na potrzeby autora, a powstawa\u0142a przede wszystkim jako efekt rozwi\u0105zywania r\u00f3\u017cnych zada\u0144 szaradziarskich.<\/p>\n<p style=\"text-align: justify;\">Poni\u017csza tabela zawiera informacj\u0119 o ilo\u015bci s\u0142\u00f3w dla poszczeg\u00f3lnych d\u0142ugo\u015bci &#8211; od 3 do 22 literowych:<\/p>\n<table border=\"0\" cellspacing=\"0\" cellpadding=\"0\" width=\"200\">\n<tbody>\n<tr>\n<td valign=\"top\"><strong>ilo\u015b\u0107 liter<\/strong><\/td>\n<td valign=\"top\"><strong>ilo\u015b\u0107 s\u0142\u00f3w<\/strong><\/td>\n<\/tr>\n<tr>\n<td valign=\"top\">3<\/td>\n<td valign=\"top\">879<\/td>\n<\/tr>\n<tr>\n<td valign=\"top\">4<\/td>\n<td valign=\"top\">3242<\/td>\n<\/tr>\n<tr>\n<td valign=\"top\">5<\/td>\n<td valign=\"top\">7710<\/td>\n<\/tr>\n<tr>\n<td valign=\"top\">6<\/td>\n<td valign=\"top\">10847<\/td>\n<\/tr>\n<tr>\n<td valign=\"top\">7<\/td>\n<td valign=\"top\">12500<\/td>\n<\/tr>\n<tr>\n<td valign=\"top\">8<\/td>\n<td valign=\"top\">12481<\/td>\n<\/tr>\n<tr>\n<td valign=\"top\">9<\/td>\n<td valign=\"top\">11253<\/td>\n<\/tr>\n<tr>\n<td valign=\"top\">10<\/td>\n<td valign=\"top\">8765<\/td>\n<\/tr>\n<tr>\n<td valign=\"top\">11<\/td>\n<td valign=\"top\">6426<\/td>\n<\/tr>\n<tr>\n<td valign=\"top\">12<\/td>\n<td valign=\"top\">3947<\/td>\n<\/tr>\n<tr>\n<td valign=\"top\">13<\/td>\n<td valign=\"top\">2456<\/td>\n<\/tr>\n<tr>\n<td valign=\"top\">14<\/td>\n<td valign=\"top\">1509<\/td>\n<\/tr>\n<tr>\n<td valign=\"top\">15<\/td>\n<td valign=\"top\">812<\/td>\n<\/tr>\n<tr>\n<td valign=\"top\">16<\/td>\n<td valign=\"top\">448<\/td>\n<\/tr>\n<tr>\n<td valign=\"top\">17<\/td>\n<td valign=\"top\">219<\/td>\n<\/tr>\n<tr>\n<td valign=\"top\">18<\/td>\n<td valign=\"top\">124<\/td>\n<\/tr>\n<tr>\n<td valign=\"top\">19<\/td>\n<td valign=\"top\">64<\/td>\n<\/tr>\n<tr>\n<td valign=\"top\">20<\/td>\n<td valign=\"top\">31<\/td>\n<\/tr>\n<tr>\n<td valign=\"top\">21<\/td>\n<td valign=\"top\">19<\/td>\n<\/tr>\n<tr>\n<td valign=\"top\">22<\/td>\n<td valign=\"top\">8<\/td>\n<\/tr>\n<\/tbody>\n<\/table>\n","protected":false},"excerpt":{"rendered":"<p>Program Szaradzista 1.50 korzysta z bazy 83 750 s\u0142\u00f3w. Baza w obecnej postaci powsta\u0142a jako efekt wieloletniej pracy nad programem, kt\u00f3ry we wcze\u015bniejszych latach istnia\u0142 tylko na potrzeby autora, a powstawa\u0142a przede wszystkim jako efekt rozwi\u0105zywania r\u00f3\u017cnych zada\u0144 szaradziarskich. Poni\u017csza &hellip; <a href=\"https:\/\/www.szaradzista.com\/?page_id=25\">Czytaj dalej <span class=\"meta-nav\">&rarr;<\/span><\/a><\/p>\n","protected":false},"author":1,"featured_media":0,"parent":0,"menu_order":2,"comment_status":"closed","ping_status":"closed","template":"","meta":{"_monsterinsights_skip_tracking":false,"_monsterinsights_sitenote_active":false,"_monsterinsights_sitenote_note":"","_monsterinsights_sitenote_category":0},"_links":{"self":[{"href":"https:\/\/www.szaradzista.com\/index.php?rest_route=\/wp\/v2\/pages\/25"}],"collection":[{"href":"https:\/\/www.szaradzista.com\/index.php?rest_route=\/wp\/v2\/pages"}],"about":[{"href":"https:\/\/www.szaradzista.com\/index.php?rest_route=\/wp\/v2\/types\/page"}],"author":[{"embeddable":true,"href":"https:\/\/www.szaradzista.com\/index.php?rest_route=\/wp\/v2\/users\/1"}],"replies":[{"embeddable":true,"href":"https:\/\/www.szaradzista.com\/index.php?rest_route=%2Fwp%2Fv2%2Fcomments&post=25"}],"version-history":[{"count":12,"href":"https:\/\/www.szaradzista.com\/index.php?rest_route=\/wp\/v2\/pages\/25\/revisions"}],"predecessor-version":[{"id":51,"href":"https:\/\/www.szaradzista.com\/index.php?rest_route=\/wp\/v2\/pages\/25\/revisions\/51"}],"wp:attachment":[{"href":"https:\/\/www.szaradzista.com\/index.php?rest_route=%2Fwp%2Fv2%2Fmedia&parent=25"}],"curies":[{"name":"wp","href":"https:\/\/api.w.org\/{rel}","templated":true}]}}