{"id":12,"date":"2010-11-20T19:33:17","date_gmt":"2010-11-20T18:33:17","guid":{"rendered":"http:\/\/www.szaradzista.com\/?page_id=12"},"modified":"2010-12-25T08:02:51","modified_gmt":"2010-12-25T07:02:51","slug":"demo","status":"publish","type":"page","link":"https:\/\/www.szaradzista.com\/?page_id=12","title":{"rendered":"Wersja demo"},"content":{"rendered":"<p style=\"text-align: justify;\">Je\u017celi przed zakupem chcesz przetestowa\u0107 mo\u017cliwo\u015bci programu, to nale\u017cy pobra\u0107 wersj\u0119 instalacyjn\u0105, a dodatkowo mo\u017cna pobra\u0107 instrukcj\u0119 obs\u0142ugi.\u00a0Wersja pr\u00f3bna w por\u00f3wnaniu do wersji komercyjnej ogranicza ilo\u015b\u0107 wy\u015bwietlanych rezultat\u00f3ww wyszukiwania poprzez zast\u0105pienie co drugiego wyniku wyszukiwania poprzez ci\u0105g znak\u00f3w w postaci 'xxxx&#8217;.<br \/>\n\u017byczymy udanego testowania i czekamy na ewentualne sugestie zmian, czy propozycje dodatkowych opcji.<\/p>\n<p style=\"text-align: justify;\"><strong><a href=\"http:\/\/www.szaradzista.com\/pliki\/v15\/szaradzista-1-50-instalator.exe\">Pobierz wersj\u0119 demo&#8230;<\/a><\/strong><\/p>\n<p style=\"text-align: justify;\"><strong><a href=\"http:\/\/www.szaradzista.com\/pliki\/v15\/instrukcja.pdf\">Pobierz instrukcj\u0119 obs\u0142ugi&#8230;<\/a><\/strong><\/p>\n","protected":false},"excerpt":{"rendered":"<p>Je\u017celi przed zakupem chcesz przetestowa\u0107 mo\u017cliwo\u015bci programu, to nale\u017cy pobra\u0107 wersj\u0119 instalacyjn\u0105, a dodatkowo mo\u017cna pobra\u0107 instrukcj\u0119 obs\u0142ugi.\u00a0Wersja pr\u00f3bna w por\u00f3wnaniu do wersji komercyjnej ogranicza ilo\u015b\u0107 wy\u015bwietlanych rezultat\u00f3ww wyszukiwania poprzez zast\u0105pienie co drugiego wyniku wyszukiwania poprzez ci\u0105g znak\u00f3w w postaci &hellip; <a href=\"https:\/\/www.szaradzista.com\/?page_id=12\">Czytaj dalej <span class=\"meta-nav\">&rarr;<\/span><\/a><\/p>\n","protected":false},"author":1,"featured_media":0,"parent":0,"menu_order":3,"comment_status":"closed","ping_status":"closed","template":"","meta":{"_monsterinsights_skip_tracking":false,"_monsterinsights_sitenote_active":false,"_monsterinsights_sitenote_note":"","_monsterinsights_sitenote_category":0},"_links":{"self":[{"href":"https:\/\/www.szaradzista.com\/index.php?rest_route=\/wp\/v2\/pages\/12"}],"collection":[{"href":"https:\/\/www.szaradzista.com\/index.php?rest_route=\/wp\/v2\/pages"}],"about":[{"href":"https:\/\/www.szaradzista.com\/index.php?rest_route=\/wp\/v2\/types\/page"}],"author":[{"embeddable":true,"href":"https:\/\/www.szaradzista.com\/index.php?rest_route=\/wp\/v2\/users\/1"}],"replies":[{"embeddable":true,"href":"https:\/\/www.szaradzista.com\/index.php?rest_route=%2Fwp%2Fv2%2Fcomments&post=12"}],"version-history":[{"count":9,"href":"https:\/\/www.szaradzista.com\/index.php?rest_route=\/wp\/v2\/pages\/12\/revisions"}],"predecessor-version":[{"id":140,"href":"https:\/\/www.szaradzista.com\/index.php?rest_route=\/wp\/v2\/pages\/12\/revisions\/140"}],"wp:attachment":[{"href":"https:\/\/www.szaradzista.com\/index.php?rest_route=%2Fwp%2Fv2%2Fmedia&parent=12"}],"curies":[{"name":"wp","href":"https:\/\/api.w.org\/{rel}","templated":true}]}}